{"id":2770,"date":"2023-09-13T18:12:58","date_gmt":"2023-09-13T21:12:58","guid":{"rendered":"https:\/\/proarq.ufpr.br\/?page_id=2770"},"modified":"2023-09-13T18:12:58","modified_gmt":"2023-09-13T21:12:58","slug":"colecao-de-projetos-arquitetonicos","status":"publish","type":"page","link":"https:\/\/proarq.ufpr.br\/index.php\/registros-do-patrimonio-de-curitiba\/colecao-de-projetos-arquitetonicos\/","title":{"rendered":"Cole\u00e7\u00e3o de Projetos Arquitet\u00f4nicos"},"content":{"rendered":"","protected":false},"excerpt":{"rendered":"","protected":false},"author":2,"featured_media":0,"parent":2768,"menu_order":0,"comment_status":"closed","ping_status":"closed","template":"","meta":{"_acf_changed":false,"footnotes":""},"class_list":["post-2770","page","type-page","status-publish","hentry"],"acf":[],"_links":{"self":[{"href":"https:\/\/proarq.ufpr.br\/index.php\/wp-json\/wp\/v2\/pages\/2770"}],"collection":[{"href":"https:\/\/proarq.ufpr.br\/index.php\/wp-json\/wp\/v2\/pages"}],"about":[{"href":"https:\/\/proarq.ufpr.br\/index.php\/wp-json\/wp\/v2\/types\/page"}],"author":[{"embeddable":true,"href":"https:\/\/proarq.ufpr.br\/index.php\/wp-json\/wp\/v2\/users\/2"}],"replies":[{"embeddable":true,"href":"https:\/\/proarq.ufpr.br\/index.php\/wp-json\/wp\/v2\/comments?post=2770"}],"version-history":[{"count":1,"href":"https:\/\/proarq.ufpr.br\/index.php\/wp-json\/wp\/v2\/pages\/2770\/revisions"}],"predecessor-version":[{"id":2771,"href":"https:\/\/proarq.ufpr.br\/index.php\/wp-json\/wp\/v2\/pages\/2770\/revisions\/2771"}],"up":[{"embeddable":true,"href":"https:\/\/proarq.ufpr.br\/index.php\/wp-json\/wp\/v2\/pages\/2768"}],"wp:attachment":[{"href":"https:\/\/proarq.ufpr.br\/index.php\/wp-json\/wp\/v2\/media?parent=2770"}],"curies":[{"name":"wp","href":"https:\/\/api.w.org\/{rel}","templated":true}]}}